{"id":1657,"date":"2025-07-21T16:38:42","date_gmt":"2025-07-21T14:38:42","guid":{"rendered":"https:\/\/domainefagone.com\/?post_type=product&#038;p=1657"},"modified":"2025-07-28T17:17:46","modified_gmt":"2025-07-28T15:17:46","slug":"rose-2024","status":"publish","type":"product","link":"https:\/\/domainefagone.com\/en\/nos-vins-et-huiles-dolives\/rose-2024\/","title":{"rendered":"Ros\u00e9 2024"},"content":{"rendered":"<ul>\n<li>VINIFICATION :<br \/>\n&#8211; Elevage dans le respect des r\u00e8gles de l\u2019agriculture biologique<br \/>\n&#8211; Vinification en cuve inox sur lies avec r\u00e9gulation de temp\u00e9rature, d\u00e9bourbage apr\u00e8s d\u00e9cantation<br \/>\n&#8211; Mise en bouteille 6 mois apr\u00e8s la r\u00e9colte.<\/li>\n<li>C\u00c9PAGES : <strong>Cinsault, Rolle, Syrah<\/strong><\/li>\n<li>APPELATION : <strong>AOP C\u00f4tes de provence<\/strong><\/li>\n<li>DEGR\u00c9 ALC. : <strong>13 %<\/strong><\/li>\n<li>TEMP\u00c9RATURE DE SERVICE : <strong>8\u00b0<\/strong><\/li>\n<li>TEMP\u00c9RATURE DE GARDE : <strong>14\u00b0<\/strong><\/li>\n<\/ul>\n","protected":false},"excerpt":{"rendered":"<p><img loading=\"lazy\" decoding=\"async\" class=\"alignnone size-full wp-image-1067\" src=\"https:\/\/domainefagone.com\/wp-content\/uploads\/2019\/07\/AB-logo-min.png\" alt=\"\" width=\"60\" height=\"60\" \/> <img loading=\"lazy\" decoding=\"async\" class=\"alignnone size-medium wp-image-1069\" src=\"https:\/\/domainefagone.com\/wp-content\/uploads\/2023\/05\/hve-logo-min.png\" alt=\"\" width=\"60\" height=\"60\" \/><\/p>\n","protected":false},"featured_media":1684,"template":"","meta":{"_acf_changed":false},"product_brand":[],"product_cat":[66,62],"product_tag":[],"class_list":{"0":"post-1657","1":"product","2":"type-product","3":"status-publish","4":"has-post-thumbnail","6":"product_cat-rose-wines","7":"product_cat-wines","9":"first","10":"instock","11":"taxable","12":"shipping-taxable","13":"purchasable","14":"product-type-variable"},"acf":[],"yoast_head":"<!-- This site is optimized with the Yoast SEO plugin v24.5 - https:\/\/yoast.com\/wordpress\/plugins\/seo\/ -->\n<title>Ros\u00e9 2024 - Domaine Fagone<\/title>\n<meta name=\"robots\" content=\"index, follow, max-snippet:-1, max-image-preview:large, max-video-preview:-1\" \/>\n<link rel=\"canonical\" href=\"https:\/\/domainefagone.com\/en\/nos-vins-et-huiles-dolives\/rose-2024\/\" \/>\n<meta property=\"og:locale\" content=\"en_US\" \/>\n<meta property=\"og:type\" content=\"article\" \/>\n<meta property=\"og:title\" content=\"Ros\u00e9 2024 - Domaine Fagone\" \/>\n<meta property=\"og:url\" content=\"https:\/\/domainefagone.com\/en\/nos-vins-et-huiles-dolives\/rose-2024\/\" \/>\n<meta property=\"og:site_name\" content=\"Domaine Fagone\" \/>\n<meta property=\"article:modified_time\" content=\"2025-07-28T15:17:46+00:00\" \/>\n<meta property=\"og:image\" content=\"https:\/\/domainefagone.com\/wp-content\/uploads\/2025\/07\/DF_rose2025_3517_vignette.jpg\" \/>\n\t<meta property=\"og:image:width\" content=\"800\" \/>\n\t<meta property=\"og:image:height\" content=\"1000\" \/>\n\t<meta property=\"og:image:type\" content=\"image\/jpeg\" \/>\n<meta name=\"twitter:card\" content=\"summary_large_image\" \/>\n<meta name=\"twitter:label1\" content=\"Est. reading time\" \/>\n\t<meta name=\"twitter:data1\" content=\"1 minute\" \/>\n<script type=\"application\/ld+json\" class=\"yoast-schema-graph\">{\"@context\":\"https:\/\/schema.org\",\"@graph\":[{\"@type\":\"WebPage\",\"@id\":\"https:\/\/domainefagone.com\/en\/nos-vins-et-huiles-dolives\/rose-2024\/\",\"url\":\"https:\/\/domainefagone.com\/en\/nos-vins-et-huiles-dolives\/rose-2024\/\",\"name\":\"Ros\u00e9 2024 - Domaine Fagone\",\"isPartOf\":{\"@id\":\"https:\/\/domainefagone.com\/#website\"},\"primaryImageOfPage\":{\"@id\":\"https:\/\/domainefagone.com\/en\/nos-vins-et-huiles-dolives\/rose-2024\/#primaryimage\"},\"image\":{\"@id\":\"https:\/\/domainefagone.com\/en\/nos-vins-et-huiles-dolives\/rose-2024\/#primaryimage\"},\"thumbnailUrl\":\"https:\/\/domainefagone.com\/wp-content\/uploads\/2025\/07\/DF_rose2025_3517_vignette.jpg\",\"datePublished\":\"2025-07-21T14:38:42+00:00\",\"dateModified\":\"2025-07-28T15:17:46+00:00\",\"breadcrumb\":{\"@id\":\"https:\/\/domainefagone.com\/en\/nos-vins-et-huiles-dolives\/rose-2024\/#breadcrumb\"},\"inLanguage\":\"en-US\",\"potentialAction\":[{\"@type\":\"ReadAction\",\"target\":[\"https:\/\/domainefagone.com\/en\/nos-vins-et-huiles-dolives\/rose-2024\/\"]}]},{\"@type\":\"ImageObject\",\"inLanguage\":\"en-US\",\"@id\":\"https:\/\/domainefagone.com\/en\/nos-vins-et-huiles-dolives\/rose-2024\/#primaryimage\",\"url\":\"https:\/\/domainefagone.com\/wp-content\/uploads\/2025\/07\/DF_rose2025_3517_vignette.jpg\",\"contentUrl\":\"https:\/\/domainefagone.com\/wp-content\/uploads\/2025\/07\/DF_rose2025_3517_vignette.jpg\",\"width\":800,\"height\":1000,\"caption\":\"Fagone C\u00f4tes de Provence - ros\u00e9 2024\"},{\"@type\":\"BreadcrumbList\",\"@id\":\"https:\/\/domainefagone.com\/en\/nos-vins-et-huiles-dolives\/rose-2024\/#breadcrumb\",\"itemListElement\":[{\"@type\":\"ListItem\",\"position\":1,\"name\":\"Accueil\",\"item\":\"https:\/\/domainefagone.com\/en\/\"},{\"@type\":\"ListItem\",\"position\":2,\"name\":\"Our wine &#038; Olive oil\",\"item\":\"https:\/\/domainefagone.com\/en\/our-wine-olive-oil\/\"},{\"@type\":\"ListItem\",\"position\":3,\"name\":\"Ros\u00e9 2024\"}]},{\"@type\":\"WebSite\",\"@id\":\"https:\/\/domainefagone.com\/#website\",\"url\":\"https:\/\/domainefagone.com\/\",\"name\":\"Domaine Fagone\",\"description\":\"\",\"publisher\":{\"@id\":\"https:\/\/domainefagone.com\/#organization\"},\"potentialAction\":[{\"@type\":\"SearchAction\",\"target\":{\"@type\":\"EntryPoint\",\"urlTemplate\":\"https:\/\/domainefagone.com\/?s={search_term_string}\"},\"query-input\":{\"@type\":\"PropertyValueSpecification\",\"valueRequired\":true,\"valueName\":\"search_term_string\"}}],\"inLanguage\":\"en-US\"},{\"@type\":\"Organization\",\"@id\":\"https:\/\/domainefagone.com\/#organization\",\"name\":\"Domaine Fagone\",\"url\":\"https:\/\/domainefagone.com\/\",\"logo\":{\"@type\":\"ImageObject\",\"inLanguage\":\"en-US\",\"@id\":\"https:\/\/domainefagone.com\/#\/schema\/logo\/image\/\",\"url\":\"https:\/\/domainefagone.com\/wp-content\/uploads\/2019\/07\/Fagone-logo-rouge-3.png\",\"contentUrl\":\"https:\/\/domainefagone.com\/wp-content\/uploads\/2019\/07\/Fagone-logo-rouge-3.png\",\"width\":2480,\"height\":1004,\"caption\":\"Domaine Fagone\"},\"image\":{\"@id\":\"https:\/\/domainefagone.com\/#\/schema\/logo\/image\/\"}}]}<\/script>\n<!-- \/ Yoast SEO plugin. -->","yoast_head_json":{"title":"Ros\u00e9 2024 - Domaine Fagone","robots":{"index":"index","follow":"follow","max-snippet":"max-snippet:-1","max-image-preview":"max-image-preview:large","max-video-preview":"max-video-preview:-1"},"canonical":"https:\/\/domainefagone.com\/en\/nos-vins-et-huiles-dolives\/rose-2024\/","og_locale":"en_US","og_type":"article","og_title":"Ros\u00e9 2024 - Domaine Fagone","og_url":"https:\/\/domainefagone.com\/en\/nos-vins-et-huiles-dolives\/rose-2024\/","og_site_name":"Domaine Fagone","article_modified_time":"2025-07-28T15:17:46+00:00","og_image":[{"width":800,"height":1000,"url":"https:\/\/domainefagone.com\/wp-content\/uploads\/2025\/07\/DF_rose2025_3517_vignette.jpg","type":"image\/jpeg"}],"twitter_card":"summary_large_image","twitter_misc":{"Est. reading time":"1 minute"},"schema":{"@context":"https:\/\/schema.org","@graph":[{"@type":"WebPage","@id":"https:\/\/domainefagone.com\/en\/nos-vins-et-huiles-dolives\/rose-2024\/","url":"https:\/\/domainefagone.com\/en\/nos-vins-et-huiles-dolives\/rose-2024\/","name":"Ros\u00e9 2024 - Domaine Fagone","isPartOf":{"@id":"https:\/\/domainefagone.com\/#website"},"primaryImageOfPage":{"@id":"https:\/\/domainefagone.com\/en\/nos-vins-et-huiles-dolives\/rose-2024\/#primaryimage"},"image":{"@id":"https:\/\/domainefagone.com\/en\/nos-vins-et-huiles-dolives\/rose-2024\/#primaryimage"},"thumbnailUrl":"https:\/\/domainefagone.com\/wp-content\/uploads\/2025\/07\/DF_rose2025_3517_vignette.jpg","datePublished":"2025-07-21T14:38:42+00:00","dateModified":"2025-07-28T15:17:46+00:00","breadcrumb":{"@id":"https:\/\/domainefagone.com\/en\/nos-vins-et-huiles-dolives\/rose-2024\/#breadcrumb"},"inLanguage":"en-US","potentialAction":[{"@type":"ReadAction","target":["https:\/\/domainefagone.com\/en\/nos-vins-et-huiles-dolives\/rose-2024\/"]}]},{"@type":"ImageObject","inLanguage":"en-US","@id":"https:\/\/domainefagone.com\/en\/nos-vins-et-huiles-dolives\/rose-2024\/#primaryimage","url":"https:\/\/domainefagone.com\/wp-content\/uploads\/2025\/07\/DF_rose2025_3517_vignette.jpg","contentUrl":"https:\/\/domainefagone.com\/wp-content\/uploads\/2025\/07\/DF_rose2025_3517_vignette.jpg","width":800,"height":1000,"caption":"Fagone C\u00f4tes de Provence - ros\u00e9 2024"},{"@type":"BreadcrumbList","@id":"https:\/\/domainefagone.com\/en\/nos-vins-et-huiles-dolives\/rose-2024\/#breadcrumb","itemListElement":[{"@type":"ListItem","position":1,"name":"Accueil","item":"https:\/\/domainefagone.com\/en\/"},{"@type":"ListItem","position":2,"name":"Our wine &#038; Olive oil","item":"https:\/\/domainefagone.com\/en\/our-wine-olive-oil\/"},{"@type":"ListItem","position":3,"name":"Ros\u00e9 2024"}]},{"@type":"WebSite","@id":"https:\/\/domainefagone.com\/#website","url":"https:\/\/domainefagone.com\/","name":"Domaine Fagone","description":"","publisher":{"@id":"https:\/\/domainefagone.com\/#organization"},"potentialAction":[{"@type":"SearchAction","target":{"@type":"EntryPoint","urlTemplate":"https:\/\/domainefagone.com\/?s={search_term_string}"},"query-input":{"@type":"PropertyValueSpecification","valueRequired":true,"valueName":"search_term_string"}}],"inLanguage":"en-US"},{"@type":"Organization","@id":"https:\/\/domainefagone.com\/#organization","name":"Domaine Fagone","url":"https:\/\/domainefagone.com\/","logo":{"@type":"ImageObject","inLanguage":"en-US","@id":"https:\/\/domainefagone.com\/#\/schema\/logo\/image\/","url":"https:\/\/domainefagone.com\/wp-content\/uploads\/2019\/07\/Fagone-logo-rouge-3.png","contentUrl":"https:\/\/domainefagone.com\/wp-content\/uploads\/2019\/07\/Fagone-logo-rouge-3.png","width":2480,"height":1004,"caption":"Domaine Fagone"},"image":{"@id":"https:\/\/domainefagone.com\/#\/schema\/logo\/image\/"}}]}},"_links":{"self":[{"href":"https:\/\/domainefagone.com\/en\/wp-json\/wp\/v2\/product\/1657","targetHints":{"allow":["GET"]}}],"collection":[{"href":"https:\/\/domainefagone.com\/en\/wp-json\/wp\/v2\/product"}],"about":[{"href":"https:\/\/domainefagone.com\/en\/wp-json\/wp\/v2\/types\/product"}],"wp:featuredmedia":[{"embeddable":true,"href":"https:\/\/domainefagone.com\/en\/wp-json\/wp\/v2\/media\/1684"}],"wp:attachment":[{"href":"https:\/\/domainefagone.com\/en\/wp-json\/wp\/v2\/media?parent=1657"}],"wp:term":[{"taxonomy":"product_brand","embeddable":true,"href":"https:\/\/domainefagone.com\/en\/wp-json\/wp\/v2\/product_brand?post=1657"},{"taxonomy":"product_cat","embeddable":true,"href":"https:\/\/domainefagone.com\/en\/wp-json\/wp\/v2\/product_cat?post=1657"},{"taxonomy":"product_tag","embeddable":true,"href":"https:\/\/domainefagone.com\/en\/wp-json\/wp\/v2\/product_tag?post=1657"}],"curies":[{"name":"wp","href":"https:\/\/api.w.org\/{rel}","templated":true}]}}