{"id":1663,"date":"2025-07-21T16:51:53","date_gmt":"2025-07-21T14:51:54","guid":{"rendered":"https:\/\/domainefagone.com\/?post_type=product&#038;p=1663"},"modified":"2025-07-28T17:18:01","modified_gmt":"2025-07-28T15:18:01","slug":"white-2024","status":"publish","type":"product","link":"https:\/\/domainefagone.com\/en\/nos-vins-et-huiles-dolives\/white-2024\/","title":{"rendered":"White 2024"},"content":{"rendered":"<ul>\n<li>VINIFICATION :<br \/>\n&#8211; Pressurage doux ( pressoir pneumatique)<br \/>\n&#8211; D\u00e9bourbage statique puis fermentation \u00e0 basse temp\u00e9rature ( 15\u00b0 &#8211; 16\u00b0 C ) afin de pr\u00e9server tous les ar\u00f4mes,<br \/>\n&#8211; L\u00e9ger collage puis clarification par s\u00e9dimentation naturelle,<br \/>\n&#8211; \u00c9levage sur lies fines puis soutirage et mise en bouteille 8 mois apr\u00e8s la r\u00e9colte.<\/li>\n<li>C\u00c9PAGES : <strong>Rolle Vermentino<\/strong><\/li>\n<li>APPELATION : <strong>AOP C\u00f4tes de Provence<\/strong><\/li>\n<li>DEGR\u00c9 ALC. : <strong>13 %<\/strong><\/li>\n<li>TEMP\u00c9RATURE DE SERVICE : <strong>12\u00b0<\/strong><\/li>\n<li>GARDE : <strong>3 ans<\/strong><\/li>\n<\/ul>\n","protected":false},"excerpt":{"rendered":"<p>Belle et intense couleur jaune dor\u00e9e aux reflets verts, cristallins d &#8216;une tr\u00e8s belle puret\u00e9. Le nez est riche et intense avec des ar\u00f4mes de fleurs blanches, de p\u00eaches et de poire avec, en finale, une petite note \u00e9pic\u00e9e de r\u00e9glisse et d&#8217;amandes grill\u00e9es. La bouche est ample et agr\u00e9able avec une belle min\u00e9ralit\u00e9 suave et riche au go\u00fbt de p\u00eache et d&#8217;une grande persistance s&#8217;achevant sur des notes de fruits m\u00fbrs.<\/p>\n<p><img loading=\"lazy\" decoding=\"async\" class=\"alignnone size-full wp-image-1067\" src=\"https:\/\/domainefagone.com\/wp-content\/uploads\/2019\/07\/AB-logo-min.png\" alt=\"\" width=\"60\" height=\"60\" \/> <img loading=\"lazy\" decoding=\"async\" class=\"alignnone size-medium wp-image-1069\" src=\"https:\/\/domainefagone.com\/wp-content\/uploads\/2023\/05\/hve-logo-min.png\" alt=\"\" width=\"60\" height=\"60\" \/><\/p>\n","protected":false},"featured_media":1682,"template":"","meta":{"_acf_changed":false},"product_brand":[],"product_cat":[64,62],"product_tag":[],"class_list":{"0":"post-1663","1":"product","2":"type-product","3":"status-publish","4":"has-post-thumbnail","6":"product_cat-white-wines","7":"product_cat-wines","9":"first","10":"instock","11":"taxable","12":"shipping-taxable","13":"purchasable","14":"product-type-variable"},"acf":[],"yoast_head":"<!-- This site is optimized with the Yoast SEO plugin v24.5 - https:\/\/yoast.com\/wordpress\/plugins\/seo\/ -->\n<title>White 2024 - Domaine Fagone<\/title>\n<meta name=\"robots\" content=\"index, follow, max-snippet:-1, max-image-preview:large, max-video-preview:-1\" \/>\n<link rel=\"canonical\" href=\"https:\/\/domainefagone.com\/en\/nos-vins-et-huiles-dolives\/white-2024\/\" \/>\n<meta property=\"og:locale\" content=\"en_US\" \/>\n<meta property=\"og:type\" content=\"article\" \/>\n<meta property=\"og:title\" content=\"White 2024 - Domaine Fagone\" \/>\n<meta property=\"og:description\" content=\"Belle et intense couleur jaune dor\u00e9e aux reflets verts, cristallins d &#039;une tr\u00e8s belle puret\u00e9. Le nez est riche et intense avec des ar\u00f4mes de fleurs blanches, de p\u00eaches et de poire avec, en finale, une petite note \u00e9pic\u00e9e de r\u00e9glisse et d&#039;amandes grill\u00e9es. La bouche est ample et agr\u00e9able avec une belle min\u00e9ralit\u00e9 suave et riche au go\u00fbt de p\u00eache et d&#039;une grande persistance s&#039;achevant sur des notes de fruits m\u00fbrs.\" \/>\n<meta property=\"og:url\" content=\"https:\/\/domainefagone.com\/en\/nos-vins-et-huiles-dolives\/white-2024\/\" \/>\n<meta property=\"og:site_name\" content=\"Domaine Fagone\" \/>\n<meta property=\"article:modified_time\" content=\"2025-07-28T15:18:01+00:00\" \/>\n<meta property=\"og:image\" content=\"https:\/\/domainefagone.com\/wp-content\/uploads\/2025\/07\/DF_Blanc-2024_packshot_1684_BD-1.jpg\" \/>\n\t<meta property=\"og:image:width\" content=\"1000\" \/>\n\t<meta property=\"og:image:height\" content=\"1000\" \/>\n\t<meta property=\"og:image:type\" content=\"image\/jpeg\" \/>\n<meta name=\"twitter:card\" content=\"summary_large_image\" \/>\n<meta name=\"twitter:label1\" content=\"Est. reading time\" \/>\n\t<meta name=\"twitter:data1\" content=\"1 minute\" \/>\n<script type=\"application\/ld+json\" class=\"yoast-schema-graph\">{\"@context\":\"https:\/\/schema.org\",\"@graph\":[{\"@type\":\"WebPage\",\"@id\":\"https:\/\/domainefagone.com\/en\/nos-vins-et-huiles-dolives\/white-2024\/\",\"url\":\"https:\/\/domainefagone.com\/en\/nos-vins-et-huiles-dolives\/white-2024\/\",\"name\":\"White 2024 - Domaine Fagone\",\"isPartOf\":{\"@id\":\"https:\/\/domainefagone.com\/#website\"},\"primaryImageOfPage\":{\"@id\":\"https:\/\/domainefagone.com\/en\/nos-vins-et-huiles-dolives\/white-2024\/#primaryimage\"},\"image\":{\"@id\":\"https:\/\/domainefagone.com\/en\/nos-vins-et-huiles-dolives\/white-2024\/#primaryimage\"},\"thumbnailUrl\":\"https:\/\/domainefagone.com\/wp-content\/uploads\/2025\/07\/DF_blanc2025_3546_vignette.jpg\",\"datePublished\":\"2025-07-21T14:51:54+00:00\",\"dateModified\":\"2025-07-28T15:18:01+00:00\",\"breadcrumb\":{\"@id\":\"https:\/\/domainefagone.com\/en\/nos-vins-et-huiles-dolives\/white-2024\/#breadcrumb\"},\"inLanguage\":\"en-US\",\"potentialAction\":[{\"@type\":\"ReadAction\",\"target\":[\"https:\/\/domainefagone.com\/en\/nos-vins-et-huiles-dolives\/white-2024\/\"]}]},{\"@type\":\"ImageObject\",\"inLanguage\":\"en-US\",\"@id\":\"https:\/\/domainefagone.com\/en\/nos-vins-et-huiles-dolives\/white-2024\/#primaryimage\",\"url\":\"https:\/\/domainefagone.com\/wp-content\/uploads\/2025\/07\/DF_blanc2025_3546_vignette.jpg\",\"contentUrl\":\"https:\/\/domainefagone.com\/wp-content\/uploads\/2025\/07\/DF_blanc2025_3546_vignette.jpg\",\"width\":800,\"height\":1000,\"caption\":\"Fagone C\u00f4tes de Provence - blanc 2024\"},{\"@type\":\"BreadcrumbList\",\"@id\":\"https:\/\/domainefagone.com\/en\/nos-vins-et-huiles-dolives\/white-2024\/#breadcrumb\",\"itemListElement\":[{\"@type\":\"ListItem\",\"position\":1,\"name\":\"Accueil\",\"item\":\"https:\/\/domainefagone.com\/en\/\"},{\"@type\":\"ListItem\",\"position\":2,\"name\":\"Our wine &#038; Olive oil\",\"item\":\"https:\/\/domainefagone.com\/en\/our-wine-olive-oil\/\"},{\"@type\":\"ListItem\",\"position\":3,\"name\":\"White 2024\"}]},{\"@type\":\"WebSite\",\"@id\":\"https:\/\/domainefagone.com\/#website\",\"url\":\"https:\/\/domainefagone.com\/\",\"name\":\"Domaine Fagone\",\"description\":\"\",\"publisher\":{\"@id\":\"https:\/\/domainefagone.com\/#organization\"},\"potentialAction\":[{\"@type\":\"SearchAction\",\"target\":{\"@type\":\"EntryPoint\",\"urlTemplate\":\"https:\/\/domainefagone.com\/?s={search_term_string}\"},\"query-input\":{\"@type\":\"PropertyValueSpecification\",\"valueRequired\":true,\"valueName\":\"search_term_string\"}}],\"inLanguage\":\"en-US\"},{\"@type\":\"Organization\",\"@id\":\"https:\/\/domainefagone.com\/#organization\",\"name\":\"Domaine Fagone\",\"url\":\"https:\/\/domainefagone.com\/\",\"logo\":{\"@type\":\"ImageObject\",\"inLanguage\":\"en-US\",\"@id\":\"https:\/\/domainefagone.com\/#\/schema\/logo\/image\/\",\"url\":\"https:\/\/domainefagone.com\/wp-content\/uploads\/2019\/07\/Fagone-logo-rouge-3.png\",\"contentUrl\":\"https:\/\/domainefagone.com\/wp-content\/uploads\/2019\/07\/Fagone-logo-rouge-3.png\",\"width\":2480,\"height\":1004,\"caption\":\"Domaine Fagone\"},\"image\":{\"@id\":\"https:\/\/domainefagone.com\/#\/schema\/logo\/image\/\"}}]}<\/script>\n<!-- \/ Yoast SEO plugin. -->","yoast_head_json":{"title":"White 2024 - Domaine Fagone","robots":{"index":"index","follow":"follow","max-snippet":"max-snippet:-1","max-image-preview":"max-image-preview:large","max-video-preview":"max-video-preview:-1"},"canonical":"https:\/\/domainefagone.com\/en\/nos-vins-et-huiles-dolives\/white-2024\/","og_locale":"en_US","og_type":"article","og_title":"White 2024 - Domaine Fagone","og_description":"Belle et intense couleur jaune dor\u00e9e aux reflets verts, cristallins d 'une tr\u00e8s belle puret\u00e9. Le nez est riche et intense avec des ar\u00f4mes de fleurs blanches, de p\u00eaches et de poire avec, en finale, une petite note \u00e9pic\u00e9e de r\u00e9glisse et d'amandes grill\u00e9es. La bouche est ample et agr\u00e9able avec une belle min\u00e9ralit\u00e9 suave et riche au go\u00fbt de p\u00eache et d'une grande persistance s'achevant sur des notes de fruits m\u00fbrs.","og_url":"https:\/\/domainefagone.com\/en\/nos-vins-et-huiles-dolives\/white-2024\/","og_site_name":"Domaine Fagone","article_modified_time":"2025-07-28T15:18:01+00:00","og_image":[{"width":1000,"height":1000,"url":"https:\/\/domainefagone.com\/wp-content\/uploads\/2025\/07\/DF_Blanc-2024_packshot_1684_BD-1.jpg","type":"image\/jpeg"}],"twitter_card":"summary_large_image","twitter_misc":{"Est. reading time":"1 minute"},"schema":{"@context":"https:\/\/schema.org","@graph":[{"@type":"WebPage","@id":"https:\/\/domainefagone.com\/en\/nos-vins-et-huiles-dolives\/white-2024\/","url":"https:\/\/domainefagone.com\/en\/nos-vins-et-huiles-dolives\/white-2024\/","name":"White 2024 - Domaine Fagone","isPartOf":{"@id":"https:\/\/domainefagone.com\/#website"},"primaryImageOfPage":{"@id":"https:\/\/domainefagone.com\/en\/nos-vins-et-huiles-dolives\/white-2024\/#primaryimage"},"image":{"@id":"https:\/\/domainefagone.com\/en\/nos-vins-et-huiles-dolives\/white-2024\/#primaryimage"},"thumbnailUrl":"https:\/\/domainefagone.com\/wp-content\/uploads\/2025\/07\/DF_blanc2025_3546_vignette.jpg","datePublished":"2025-07-21T14:51:54+00:00","dateModified":"2025-07-28T15:18:01+00:00","breadcrumb":{"@id":"https:\/\/domainefagone.com\/en\/nos-vins-et-huiles-dolives\/white-2024\/#breadcrumb"},"inLanguage":"en-US","potentialAction":[{"@type":"ReadAction","target":["https:\/\/domainefagone.com\/en\/nos-vins-et-huiles-dolives\/white-2024\/"]}]},{"@type":"ImageObject","inLanguage":"en-US","@id":"https:\/\/domainefagone.com\/en\/nos-vins-et-huiles-dolives\/white-2024\/#primaryimage","url":"https:\/\/domainefagone.com\/wp-content\/uploads\/2025\/07\/DF_blanc2025_3546_vignette.jpg","contentUrl":"https:\/\/domainefagone.com\/wp-content\/uploads\/2025\/07\/DF_blanc2025_3546_vignette.jpg","width":800,"height":1000,"caption":"Fagone C\u00f4tes de Provence - blanc 2024"},{"@type":"BreadcrumbList","@id":"https:\/\/domainefagone.com\/en\/nos-vins-et-huiles-dolives\/white-2024\/#breadcrumb","itemListElement":[{"@type":"ListItem","position":1,"name":"Accueil","item":"https:\/\/domainefagone.com\/en\/"},{"@type":"ListItem","position":2,"name":"Our wine &#038; Olive oil","item":"https:\/\/domainefagone.com\/en\/our-wine-olive-oil\/"},{"@type":"ListItem","position":3,"name":"White 2024"}]},{"@type":"WebSite","@id":"https:\/\/domainefagone.com\/#website","url":"https:\/\/domainefagone.com\/","name":"Domaine Fagone","description":"","publisher":{"@id":"https:\/\/domainefagone.com\/#organization"},"potentialAction":[{"@type":"SearchAction","target":{"@type":"EntryPoint","urlTemplate":"https:\/\/domainefagone.com\/?s={search_term_string}"},"query-input":{"@type":"PropertyValueSpecification","valueRequired":true,"valueName":"search_term_string"}}],"inLanguage":"en-US"},{"@type":"Organization","@id":"https:\/\/domainefagone.com\/#organization","name":"Domaine Fagone","url":"https:\/\/domainefagone.com\/","logo":{"@type":"ImageObject","inLanguage":"en-US","@id":"https:\/\/domainefagone.com\/#\/schema\/logo\/image\/","url":"https:\/\/domainefagone.com\/wp-content\/uploads\/2019\/07\/Fagone-logo-rouge-3.png","contentUrl":"https:\/\/domainefagone.com\/wp-content\/uploads\/2019\/07\/Fagone-logo-rouge-3.png","width":2480,"height":1004,"caption":"Domaine Fagone"},"image":{"@id":"https:\/\/domainefagone.com\/#\/schema\/logo\/image\/"}}]}},"_links":{"self":[{"href":"https:\/\/domainefagone.com\/en\/wp-json\/wp\/v2\/product\/1663","targetHints":{"allow":["GET"]}}],"collection":[{"href":"https:\/\/domainefagone.com\/en\/wp-json\/wp\/v2\/product"}],"about":[{"href":"https:\/\/domainefagone.com\/en\/wp-json\/wp\/v2\/types\/product"}],"wp:featuredmedia":[{"embeddable":true,"href":"https:\/\/domainefagone.com\/en\/wp-json\/wp\/v2\/media\/1682"}],"wp:attachment":[{"href":"https:\/\/domainefagone.com\/en\/wp-json\/wp\/v2\/media?parent=1663"}],"wp:term":[{"taxonomy":"product_brand","embeddable":true,"href":"https:\/\/domainefagone.com\/en\/wp-json\/wp\/v2\/product_brand?post=1663"},{"taxonomy":"product_cat","embeddable":true,"href":"https:\/\/domainefagone.com\/en\/wp-json\/wp\/v2\/product_cat?post=1663"},{"taxonomy":"product_tag","embeddable":true,"href":"https:\/\/domainefagone.com\/en\/wp-json\/wp\/v2\/product_tag?post=1663"}],"curies":[{"name":"wp","href":"https:\/\/api.w.org\/{rel}","templated":true}]}}